{"id":123,"date":"2025-10-07T17:57:20","date_gmt":"2025-10-07T17:57:20","guid":{"rendered":"https:\/\/www.reborn3dsolutions.com\/?page_id=123"},"modified":"2025-10-09T12:11:17","modified_gmt":"2025-10-09T12:11:17","slug":"aviso-legal","status":"publish","type":"page","link":"https:\/\/www.reborn3dsolutions.com\/index.php\/aviso-legal\/","title":{"rendered":"Aviso legal"},"content":{"rendered":"\t\t<div data-elementor-type=\"wp-page\" data-elementor-id=\"123\" class=\"elementor elementor-123\" data-elementor-post-type=\"page\">\n\t\t\t\t<div class=\"elementor-element elementor-element-51ce2f4 e-flex e-con-boxed e-con e-parent\" data-id=\"51ce2f4\" data-element_type=\"container\">\n\t\t\t\t\t<div class=\"e-con-inner\">\n\t\t\t\t<div class=\"elementor-element elementor-element-8ebda1c elementor-widget elementor-widget-heading\" data-id=\"8ebda1c\" data-element_type=\"widget\" data-widget_type=\"heading.default\">\n\t\t\t\t<div class=\"elementor-widget-container\">\n\t\t\t\t\t<h2 class=\"elementor-heading-title elementor-size-default\">Aviso legal<\/h2>\t\t\t\t<\/div>\n\t\t\t\t<\/div>\n\t\t\t\t<div class=\"elementor-element elementor-element-c586009 elementor-widget elementor-widget-text-editor\" data-id=\"c586009\" data-element_type=\"widget\" data-widget_type=\"text-editor.default\">\n\t\t\t\t<div class=\"elementor-widget-container\">\n\t\t\t\t\t\t\t\t\t<p>En cumplimiento con el deber de informaci\u00f3n recogido en el art\u00edculo 10 de la Ley 34\/2002, de 11 de julio, de Servicios de la Sociedad de la Informaci\u00f3n y del Comercio Electr\u00f3nico (LSSI-CE), se facilita a continuaci\u00f3n la siguiente informaci\u00f3n general del sitio web.<\/p><hr \/><h3><strong>1. Datos del titular del sitio web<\/strong><\/h3><p><strong>Titular:<\/strong> Miguel Escur\u00eds Mart\u00ednez<br \/><strong>Direcci\u00f3n:<\/strong> As Pontes n\u00ba1, 15940 A Pobra do Carami\u00f1al (A Coru\u00f1a), Espa\u00f1a<br \/><strong>Tel\u00e9fono \/ WhatsApp:<\/strong> +34 643 164 723<br \/><strong>Correo electr\u00f3nico:<\/strong> info@reborn3dsolutions.com<\/p><hr \/><h3><strong>2. Objeto<\/strong><\/h3><p>El presente sitio web tiene por objeto ofrecer informaci\u00f3n sobre los productos y servicios relacionados con la actividad profesional de <strong>Miguel Escur\u00eds Mart\u00ednez<\/strong>, as\u00ed como facilitar el contacto con clientes o interesados en adquirir o solicitar informaci\u00f3n sobre dichos productos.<\/p><hr \/><h3><strong>3. Condiciones de uso<\/strong><\/h3><p>El acceso y uso del sitio web atribuye la condici\u00f3n de usuario, implicando la aceptaci\u00f3n plena y sin reservas de todas las disposiciones incluidas en este aviso legal.<\/p><p>El usuario se compromete a hacer un uso adecuado de los contenidos y servicios, absteni\u00e9ndose de emplearlos para actividades il\u00edcitas, contrarias a la buena fe o al orden p\u00fablico.<\/p><hr \/><h3><strong>4. Propiedad intelectual e industrial<\/strong><\/h3><p>Todos los contenidos del sitio web (textos, im\u00e1genes, logotipos, dise\u00f1os, gr\u00e1ficos, archivos de sonido y v\u00eddeo, c\u00f3digo fuente, etc.) son titularidad de <strong>Miguel Escur\u00eds Mart\u00ednez<\/strong> o de sus respectivos propietarios leg\u00edtimos, y est\u00e1n protegidos por las leyes espa\u00f1olas e internacionales sobre propiedad intelectual e industrial.<\/p><p>Queda prohibida la reproducci\u00f3n total o parcial de los contenidos sin la autorizaci\u00f3n expresa del titular.<\/p><hr \/><h3><strong>5. Responsabilidad<\/strong><\/h3><p><strong>Miguel Escur\u00eds Mart\u00ednez<\/strong> no se hace responsable del mal uso que se realice de los contenidos del sitio web, siendo exclusiva responsabilidad de la persona que accede o los utilice.<\/p><p>Tampoco asume responsabilidad por la informaci\u00f3n contenida en p\u00e1ginas web de terceros a las que se pueda acceder mediante enlaces desde este sitio, ni garantiza la disponibilidad t\u00e9cnica, exactitud o veracidad de los contenidos ofrecidos por terceros.<\/p><hr \/><h3><strong>6. Pol\u00edtica de enlaces<\/strong><\/h3><p>El establecimiento de un enlace hacia este sitio web no implica la existencia de relaciones comerciales entre <strong>Miguel Escur\u00eds Mart\u00ednez<\/strong> y el propietario del sitio en el que se establezca, ni la aceptaci\u00f3n o aprobaci\u00f3n de sus contenidos o servicios.<\/p><hr \/><h3><strong>7. Protecci\u00f3n de datos personales<\/strong><\/h3><p>Los datos personales facilitados por los usuarios a trav\u00e9s del formulario de contacto, correo electr\u00f3nico o WhatsApp ser\u00e1n tratados conforme a la legislaci\u00f3n vigente en materia de protecci\u00f3n de datos personales, en especial el <strong>Reglamento (UE) 2016\/679 (RGPD)<\/strong> y la <strong>Ley Org\u00e1nica 3\/2018 (LOPDGDD)<\/strong>.<br \/>Puedes consultar la informaci\u00f3n detallada sobre el tratamiento de tus datos en nuestra <strong>Pol\u00edtica de Privacidad<\/strong>.<\/p><h3>\u00a0<\/h3><hr \/><p>\ud83d\udcc4 <em>\u00daltima actualizaci\u00f3n: octubre de 2025.<\/em><\/p><hr \/><p>\u00a0<\/p>\t\t\t\t\t\t\t\t<\/div>\n\t\t\t\t<\/div>\n\t\t\t\t\t<\/div>\n\t\t\t\t<\/div>\n\t\t\t\t<\/div>\n\t\t","protected":false},"excerpt":{"rendered":"<p>Aviso legal En cumplimiento con el deber de informaci\u00f3n recogido en el art\u00edculo 10 de la Ley 34\/2002, de 11 de julio, de Servicios de la Sociedad de la Informaci\u00f3n y del Comercio Electr\u00f3nico (LSSI-CE), se facilita a continuaci\u00f3n la siguiente informaci\u00f3n general del sitio web. 1. Datos del titular del sitio web Titular: Miguel [&hellip;]<\/p>\n","protected":false},"author":1,"featured_media":0,"parent":0,"menu_order":0,"comment_status":"closed","ping_status":"closed","template":"","meta":{"footnotes":""},"class_list":["post-123","page","type-page","status-publish","hentry"],"yoast_head":"<!-- This site is optimized with the Yoast SEO plugin v26.1 - https:\/\/yoast.com\/wordpress\/plugins\/seo\/ -->\n<title>Aviso legal - reborn3d<\/title>\n<meta name=\"robots\" content=\"noindex, nofollow\" \/>\n<meta property=\"og:locale\" content=\"es_ES\" \/>\n<meta property=\"og:type\" content=\"article\" \/>\n<meta property=\"og:title\" content=\"Aviso legal - reborn3d\" \/>\n<meta property=\"og:description\" content=\"Aviso legal En cumplimiento con el deber de informaci\u00f3n recogido en el art\u00edculo 10 de la Ley 34\/2002, de 11 de julio, de Servicios de la Sociedad de la Informaci\u00f3n y del Comercio Electr\u00f3nico (LSSI-CE), se facilita a continuaci\u00f3n la siguiente informaci\u00f3n general del sitio web. 1. Datos del titular del sitio web Titular: Miguel [&hellip;]\" \/>\n<meta property=\"og:url\" content=\"https:\/\/www.reborn3dsolutions.com\/index.php\/aviso-legal\/\" \/>\n<meta property=\"og:site_name\" content=\"reborn3d\" \/>\n<meta property=\"article:modified_time\" content=\"2025-10-09T12:11:17+00:00\" \/>\n<meta name=\"twitter:card\" content=\"summary_large_image\" \/>\n<meta name=\"twitter:label1\" content=\"Tiempo de lectura\" \/>\n\t<meta name=\"twitter:data1\" content=\"1 minuto\" \/>\n<script type=\"application\/ld+json\" class=\"yoast-schema-graph\">{\"@context\":\"https:\/\/schema.org\",\"@graph\":[{\"@type\":\"WebPage\",\"@id\":\"https:\/\/www.reborn3dsolutions.com\/index.php\/aviso-legal\/\",\"url\":\"https:\/\/www.reborn3dsolutions.com\/index.php\/aviso-legal\/\",\"name\":\"Aviso legal - reborn3d\",\"isPartOf\":{\"@id\":\"https:\/\/www.reborn3dsolutions.com\/#website\"},\"datePublished\":\"2025-10-07T17:57:20+00:00\",\"dateModified\":\"2025-10-09T12:11:17+00:00\",\"breadcrumb\":{\"@id\":\"https:\/\/www.reborn3dsolutions.com\/index.php\/aviso-legal\/#breadcrumb\"},\"inLanguage\":\"es\",\"potentialAction\":[{\"@type\":\"ReadAction\",\"target\":[\"https:\/\/www.reborn3dsolutions.com\/index.php\/aviso-legal\/\"]}]},{\"@type\":\"BreadcrumbList\",\"@id\":\"https:\/\/www.reborn3dsolutions.com\/index.php\/aviso-legal\/#breadcrumb\",\"itemListElement\":[{\"@type\":\"ListItem\",\"position\":1,\"name\":\"Portada\",\"item\":\"https:\/\/www.reborn3dsolutions.com\/\"},{\"@type\":\"ListItem\",\"position\":2,\"name\":\"Aviso legal\"}]},{\"@type\":\"WebSite\",\"@id\":\"https:\/\/www.reborn3dsolutions.com\/#website\",\"url\":\"https:\/\/www.reborn3dsolutions.com\/\",\"name\":\"reborn3d\",\"description\":\"\",\"potentialAction\":[{\"@type\":\"SearchAction\",\"target\":{\"@type\":\"EntryPoint\",\"urlTemplate\":\"https:\/\/www.reborn3dsolutions.com\/?s={search_term_string}\"},\"query-input\":{\"@type\":\"PropertyValueSpecification\",\"valueRequired\":true,\"valueName\":\"search_term_string\"}}],\"inLanguage\":\"es\"}]}<\/script>\n<!-- \/ Yoast SEO plugin. -->","yoast_head_json":{"title":"Aviso legal - reborn3d","robots":{"index":"noindex","follow":"nofollow"},"og_locale":"es_ES","og_type":"article","og_title":"Aviso legal - reborn3d","og_description":"Aviso legal En cumplimiento con el deber de informaci\u00f3n recogido en el art\u00edculo 10 de la Ley 34\/2002, de 11 de julio, de Servicios de la Sociedad de la Informaci\u00f3n y del Comercio Electr\u00f3nico (LSSI-CE), se facilita a continuaci\u00f3n la siguiente informaci\u00f3n general del sitio web. 1. Datos del titular del sitio web Titular: Miguel [&hellip;]","og_url":"https:\/\/www.reborn3dsolutions.com\/index.php\/aviso-legal\/","og_site_name":"reborn3d","article_modified_time":"2025-10-09T12:11:17+00:00","twitter_card":"summary_large_image","twitter_misc":{"Tiempo de lectura":"1 minuto"},"schema":{"@context":"https:\/\/schema.org","@graph":[{"@type":"WebPage","@id":"https:\/\/www.reborn3dsolutions.com\/index.php\/aviso-legal\/","url":"https:\/\/www.reborn3dsolutions.com\/index.php\/aviso-legal\/","name":"Aviso legal - reborn3d","isPartOf":{"@id":"https:\/\/www.reborn3dsolutions.com\/#website"},"datePublished":"2025-10-07T17:57:20+00:00","dateModified":"2025-10-09T12:11:17+00:00","breadcrumb":{"@id":"https:\/\/www.reborn3dsolutions.com\/index.php\/aviso-legal\/#breadcrumb"},"inLanguage":"es","potentialAction":[{"@type":"ReadAction","target":["https:\/\/www.reborn3dsolutions.com\/index.php\/aviso-legal\/"]}]},{"@type":"BreadcrumbList","@id":"https:\/\/www.reborn3dsolutions.com\/index.php\/aviso-legal\/#breadcrumb","itemListElement":[{"@type":"ListItem","position":1,"name":"Portada","item":"https:\/\/www.reborn3dsolutions.com\/"},{"@type":"ListItem","position":2,"name":"Aviso legal"}]},{"@type":"WebSite","@id":"https:\/\/www.reborn3dsolutions.com\/#website","url":"https:\/\/www.reborn3dsolutions.com\/","name":"reborn3d","description":"","potentialAction":[{"@type":"SearchAction","target":{"@type":"EntryPoint","urlTemplate":"https:\/\/www.reborn3dsolutions.com\/?s={search_term_string}"},"query-input":{"@type":"PropertyValueSpecification","valueRequired":true,"valueName":"search_term_string"}}],"inLanguage":"es"}]}},"_links":{"self":[{"href":"https:\/\/www.reborn3dsolutions.com\/index.php\/wp-json\/wp\/v2\/pages\/123","targetHints":{"allow":["GET"]}}],"collection":[{"href":"https:\/\/www.reborn3dsolutions.com\/index.php\/wp-json\/wp\/v2\/pages"}],"about":[{"href":"https:\/\/www.reborn3dsolutions.com\/index.php\/wp-json\/wp\/v2\/types\/page"}],"author":[{"embeddable":true,"href":"https:\/\/www.reborn3dsolutions.com\/index.php\/wp-json\/wp\/v2\/users\/1"}],"replies":[{"embeddable":true,"href":"https:\/\/www.reborn3dsolutions.com\/index.php\/wp-json\/wp\/v2\/comments?post=123"}],"version-history":[{"count":13,"href":"https:\/\/www.reborn3dsolutions.com\/index.php\/wp-json\/wp\/v2\/pages\/123\/revisions"}],"predecessor-version":[{"id":271,"href":"https:\/\/www.reborn3dsolutions.com\/index.php\/wp-json\/wp\/v2\/pages\/123\/revisions\/271"}],"wp:attachment":[{"href":"https:\/\/www.reborn3dsolutions.com\/index.php\/wp-json\/wp\/v2\/media?parent=123"}],"curies":[{"name":"wp","href":"https:\/\/api.w.org\/{rel}","templated":true}]}}