{"id":15,"date":"2025-10-07T16:27:10","date_gmt":"2025-10-07T16:27:10","guid":{"rendered":"https:\/\/www.reborn3dsolutions.com\/?page_id=15"},"modified":"2025-10-09T08:45:35","modified_gmt":"2025-10-09T08:45:35","slug":"faq","status":"publish","type":"page","link":"https:\/\/www.reborn3dsolutions.com\/index.php\/faq\/","title":{"rendered":"FAQ"},"content":{"rendered":"\t\t<div data-elementor-type=\"wp-page\" data-elementor-id=\"15\" class=\"elementor elementor-15\" data-elementor-post-type=\"page\">\n\t\t\t\t<div class=\"elementor-element elementor-element-2806e09e e-con-full e-flex e-con e-parent\" data-id=\"2806e09e\" data-element_type=\"container\" data-settings=\"{&quot;background_background&quot;:&quot;classic&quot;}\">\n\t\t<div class=\"elementor-element elementor-element-3ecb59e6 e-con-full e-flex e-con e-child\" data-id=\"3ecb59e6\" data-element_type=\"container\">\n\t\t\t\t<div class=\"elementor-element elementor-element-65fa0758 elementor-widget__width-initial elementor-widget-mobile__width-inherit elementor-widget elementor-widget-heading\" data-id=\"65fa0758\" data-element_type=\"widget\" data-widget_type=\"heading.default\">\n\t\t\t\t<div class=\"elementor-widget-container\">\n\t\t\t\t\t<h3 class=\"elementor-heading-title elementor-size-default\">\u00bfC\u00f3mo puedo hacer un pedido?<\/h3>\t\t\t\t<\/div>\n\t\t\t\t<\/div>\n\t\t\t\t<div class=\"elementor-element elementor-element-265118c3 elementor-widget__width-initial elementor-widget-mobile__width-inherit elementor-widget elementor-widget-text-editor\" data-id=\"265118c3\" data-element_type=\"widget\" data-widget_type=\"text-editor.default\">\n\t\t\t\t<div class=\"elementor-widget-container\">\n\t\t\t\t\t\t\t\t\t<p>Puedes pedir cualquiera de nuestros productos directamente desde nuestros perfiles de <strong data-start=\"496\" data-end=\"506\">Amazon<\/strong> o <strong data-start=\"509\" data-end=\"517\">Etsy<\/strong>.<br data-start=\"518\" data-end=\"521\" \/>Si prefieres, tambi\u00e9n puedes contactarnos por correo electr\u00f3nico para hacer tu pedido de forma personalizada.<\/p>\t\t\t\t\t\t\t\t<\/div>\n\t\t\t\t<\/div>\n\t\t\t\t<\/div>\n\t\t<div class=\"elementor-element elementor-element-69afd0a4 e-con-full e-flex e-con e-child\" data-id=\"69afd0a4\" data-element_type=\"container\">\n\t\t\t\t<div class=\"elementor-element elementor-element-de3719b elementor-widget__width-initial elementor-widget-mobile__width-inherit elementor-widget elementor-widget-heading\" data-id=\"de3719b\" data-element_type=\"widget\" data-widget_type=\"heading.default\">\n\t\t\t\t<div class=\"elementor-widget-container\">\n\t\t\t\t\t<h3 class=\"elementor-heading-title elementor-size-default\">\u00bfHac\u00e9is env\u00edos internacionales?<\/h3>\t\t\t\t<\/div>\n\t\t\t\t<\/div>\n\t\t\t\t<div class=\"elementor-element elementor-element-17023bdd elementor-widget__width-initial elementor-widget-mobile__width-inherit elementor-widget elementor-widget-text-editor\" data-id=\"17023bdd\" data-element_type=\"widget\" data-widget_type=\"text-editor.default\">\n\t\t\t\t<div class=\"elementor-widget-container\">\n\t\t\t\t\t\t\t\t\t<p>S\u00ed, realizamos <strong data-start=\"685\" data-end=\"728\">env\u00edos a nivel nacional e internacional<\/strong>. Los plazos de entrega pueden variar seg\u00fan el destino y el tipo de env\u00edo elegido.<\/p>\t\t\t\t\t\t\t\t<\/div>\n\t\t\t\t<\/div>\n\t\t\t\t<\/div>\n\t\t<div class=\"elementor-element elementor-element-2cb0d40e e-con-full e-flex e-con e-child\" data-id=\"2cb0d40e\" data-element_type=\"container\">\n\t\t\t\t<div class=\"elementor-element elementor-element-367fdd6d elementor-widget__width-initial elementor-widget-mobile__width-inherit elementor-widget elementor-widget-heading\" data-id=\"367fdd6d\" data-element_type=\"widget\" data-widget_type=\"heading.default\">\n\t\t\t\t<div class=\"elementor-widget-container\">\n\t\t\t\t\t<h3 class=\"elementor-heading-title elementor-size-default\">\u00bfPuedo comprar varias piezas a la vez?<\/h3>\t\t\t\t<\/div>\n\t\t\t\t<\/div>\n\t\t\t\t<div class=\"elementor-element elementor-element-5a6d51ad elementor-widget__width-initial elementor-widget-mobile__width-inherit elementor-widget elementor-widget-text-editor\" data-id=\"5a6d51ad\" data-element_type=\"widget\" data-widget_type=\"text-editor.default\">\n\t\t\t\t<div class=\"elementor-widget-container\">\n\t\t\t\t\t\t\t\t\t<p>\u00a1Por supuesto! Si deseas adquirir varias unidades o hacer un pedido grande, cont\u00e1ctanos por correo para ofrecerte un <strong data-start=\"974\" data-end=\"1007\">precio ajustado o por volumen<\/strong>.<\/p>\t\t\t\t\t\t\t\t<\/div>\n\t\t\t\t<\/div>\n\t\t\t\t<\/div>\n\t\t<div class=\"elementor-element elementor-element-28162176 e-con-full e-flex e-con e-child\" data-id=\"28162176\" data-element_type=\"container\">\n\t\t\t\t<div class=\"elementor-element elementor-element-45077277 elementor-widget__width-initial elementor-widget-mobile__width-inherit elementor-widget elementor-widget-heading\" data-id=\"45077277\" data-element_type=\"widget\" data-widget_type=\"heading.default\">\n\t\t\t\t<div class=\"elementor-widget-container\">\n\t\t\t\t\t<h3 class=\"elementor-heading-title elementor-size-default\">\u00bfQu\u00e9 m\u00e9todos de pago acept\u00e1is?<\/h3>\t\t\t\t<\/div>\n\t\t\t\t<\/div>\n\t\t\t\t<div class=\"elementor-element elementor-element-38bc1718 elementor-widget__width-initial elementor-widget-mobile__width-inherit elementor-widget elementor-widget-text-editor\" data-id=\"38bc1718\" data-element_type=\"widget\" data-widget_type=\"text-editor.default\">\n\t\t\t\t<div class=\"elementor-widget-container\">\n\t\t\t\t\t\t\t\t\t<p>Aceptamos <strong data-start=\"1057\" data-end=\"1123\">tarjeta, transferencia bancaria, PayPal y otras formas de pago<\/strong> disponibles seg\u00fan la plataforma o el acuerdo directo.<br data-start=\"1177\" data-end=\"1180\" \/>Queremos facilitarte el proceso, por eso somos flexibles con las opciones de pago.<\/p>\t\t\t\t\t\t\t\t<\/div>\n\t\t\t\t<\/div>\n\t\t\t\t<\/div>\n\t\t<div class=\"elementor-element elementor-element-c108fa8 e-con-full e-flex e-con e-child\" data-id=\"c108fa8\" data-element_type=\"container\">\n\t\t\t\t<div class=\"elementor-element elementor-element-ba7eb82 elementor-widget__width-initial elementor-widget-mobile__width-inherit elementor-widget elementor-widget-heading\" data-id=\"ba7eb82\" data-element_type=\"widget\" data-widget_type=\"heading.default\">\n\t\t\t\t<div class=\"elementor-widget-container\">\n\t\t\t\t\t<h3 class=\"elementor-heading-title elementor-size-default\">\u00bfEmit\u00eds factura por las compras?<\/h3>\t\t\t\t<\/div>\n\t\t\t\t<\/div>\n\t\t\t\t<div class=\"elementor-element elementor-element-40c8d94 elementor-widget__width-initial elementor-widget-mobile__width-inherit elementor-widget elementor-widget-text-editor\" data-id=\"40c8d94\" data-element_type=\"widget\" data-widget_type=\"text-editor.default\">\n\t\t\t\t<div class=\"elementor-widget-container\">\n\t\t\t\t\t\t\t\t\t<p>S\u00ed. Somos <strong data-start=\"1350\" data-end=\"1378\">profesionales del sector<\/strong> y emitimos <strong data-start=\"1390\" data-end=\"1435\">factura oficial por todas nuestras ventas<\/strong>.<br data-start=\"1436\" data-end=\"1439\" \/>Si compras directamente desde Amazon o Etsy, recibir\u00e1s tu comprobante autom\u00e1ticamente.<br data-start=\"1525\" data-end=\"1528\" \/>Si realizas el pedido por email, te enviaremos la <strong data-start=\"1578\" data-end=\"1614\">factura o recibo correspondiente<\/strong> junto con los datos del env\u00edo.<\/p>\t\t\t\t\t\t\t\t<\/div>\n\t\t\t\t<\/div>\n\t\t\t\t<\/div>\n\t\t<div class=\"elementor-element elementor-element-cded2c8 e-con-full e-flex e-con e-child\" data-id=\"cded2c8\" data-element_type=\"container\">\n\t\t\t\t<div class=\"elementor-element elementor-element-99461cf elementor-widget__width-initial elementor-widget-mobile__width-inherit elementor-widget elementor-widget-heading\" data-id=\"99461cf\" data-element_type=\"widget\" data-widget_type=\"heading.default\">\n\t\t\t\t<div class=\"elementor-widget-container\">\n\t\t\t\t\t<h3 class=\"elementor-heading-title elementor-size-default\">\u00bfPuedo encargar un producto personalizado?<\/h3>\t\t\t\t<\/div>\n\t\t\t\t<\/div>\n\t\t\t\t<div class=\"elementor-element elementor-element-8dee848 elementor-widget__width-initial elementor-widget-mobile__width-inherit elementor-widget elementor-widget-text-editor\" data-id=\"8dee848\" data-element_type=\"widget\" data-widget_type=\"text-editor.default\">\n\t\t\t\t<div class=\"elementor-widget-container\">\n\t\t\t\t\t\t\t\t\t<p>S\u00ed, trabajamos contigo para <strong data-start=\"1776\" data-end=\"1811\">dise\u00f1ar pozas y piezas a medida<\/strong>, adaptadas a tus necesidades, espacio o proyecto.<br data-start=\"1861\" data-end=\"1864\" \/>Colaboramos estrechamente con cada cliente durante el proceso de dise\u00f1o, para asegurar que el resultado final se ajuste exactamente a lo que busca.<\/p>\t\t\t\t\t\t\t\t<\/div>\n\t\t\t\t<\/div>\n\t\t\t\t<\/div>\n\t\t<div class=\"elementor-element elementor-element-7254364 e-con-full e-flex e-con e-child\" data-id=\"7254364\" data-element_type=\"container\">\n\t\t\t\t<div class=\"elementor-element elementor-element-77c6f14 elementor-widget__width-initial elementor-widget-mobile__width-inherit elementor-widget elementor-widget-heading\" data-id=\"77c6f14\" data-element_type=\"widget\" data-widget_type=\"heading.default\">\n\t\t\t\t<div class=\"elementor-widget-container\">\n\t\t\t\t\t<h3 class=\"elementor-heading-title elementor-size-default\">\u00bfQu\u00e9 materiales utiliz\u00e1is?<\/h3>\t\t\t\t<\/div>\n\t\t\t\t<\/div>\n\t\t\t\t<div class=\"elementor-element elementor-element-f03493d elementor-widget__width-initial elementor-widget-mobile__width-inherit elementor-widget elementor-widget-text-editor\" data-id=\"f03493d\" data-element_type=\"widget\" data-widget_type=\"text-editor.default\">\n\t\t\t\t<div class=\"elementor-widget-container\">\n\t\t\t\t\t\t\t\t\t<p>Utilizamos <strong data-start=\"2057\" data-end=\"2087\">materiales de alta calidad<\/strong>, seleccionados por su resistencia, durabilidad y acabado profesional.<br data-start=\"2157\" data-end=\"2160\" \/>Esto garantiza que cada pieza cumpla con los m\u00e1s altos est\u00e1ndares tanto est\u00e9ticos como funcionales.<\/p>\t\t\t\t\t\t\t\t<\/div>\n\t\t\t\t<\/div>\n\t\t\t\t<\/div>\n\t\t<div class=\"elementor-element elementor-element-52e4777 e-con-full e-flex e-con e-child\" data-id=\"52e4777\" data-element_type=\"container\">\n\t\t\t\t<div class=\"elementor-element elementor-element-e01a66e elementor-widget__width-initial elementor-widget-mobile__width-inherit elementor-widget elementor-widget-heading\" data-id=\"e01a66e\" data-element_type=\"widget\" data-widget_type=\"heading.default\">\n\t\t\t\t<div class=\"elementor-widget-container\">\n\t\t\t\t\t<h3 class=\"elementor-heading-title elementor-size-default\">\u00bfPuedo combinar distintos modelos o hacer modificaciones?<\/h3>\t\t\t\t<\/div>\n\t\t\t\t<\/div>\n\t\t\t\t<div class=\"elementor-element elementor-element-d52fcf6 elementor-widget__width-initial elementor-widget-mobile__width-inherit elementor-widget elementor-widget-text-editor\" data-id=\"d52fcf6\" data-element_type=\"widget\" data-widget_type=\"text-editor.default\">\n\t\t\t\t<div class=\"elementor-widget-container\">\n\t\t\t\t\t\t\t\t\t<p>S\u00ed. Si quieres una <strong data-start=\"2344\" data-end=\"2392\">combinaci\u00f3n de materiales, colores o tama\u00f1os<\/strong>, cu\u00e9ntanos tu idea y te asesoraremos en todo el proceso.<\/p>\t\t\t\t\t\t\t\t<\/div>\n\t\t\t\t<\/div>\n\t\t\t\t<\/div>\n\t\t<div class=\"elementor-element elementor-element-e04b266 e-con-full e-flex e-con e-child\" data-id=\"e04b266\" data-element_type=\"container\">\n\t\t\t\t<div class=\"elementor-element elementor-element-7f96d91 elementor-widget__width-initial elementor-widget-mobile__width-inherit elementor-widget elementor-widget-heading\" data-id=\"7f96d91\" data-element_type=\"widget\" data-widget_type=\"heading.default\">\n\t\t\t\t<div class=\"elementor-widget-container\">\n\t\t\t\t\t<h3 class=\"elementor-heading-title elementor-size-default\">\u00bfQu\u00e9 pasa si el producto llega da\u00f1ado o no es lo que esperaba?<\/h3>\t\t\t\t<\/div>\n\t\t\t\t<\/div>\n\t\t\t\t<div class=\"elementor-element elementor-element-70725ae elementor-widget__width-initial elementor-widget-mobile__width-inherit elementor-widget elementor-widget-text-editor\" data-id=\"70725ae\" data-element_type=\"widget\" data-widget_type=\"text-editor.default\">\n\t\t\t\t<div class=\"elementor-widget-container\">\n\t\t\t\t\t\t\t\t\t<p>Cont\u00e1ctanos en un plazo de <strong data-start=\"2598\" data-end=\"2610\">48 horas<\/strong> desde la recepci\u00f3n del pedido.<br data-start=\"2641\" data-end=\"2644\" \/>Gestionaremos el cambio o la devoluci\u00f3n sin coste adicional, siempre que el producto est\u00e9 en su estado original.<\/p>\t\t\t\t\t\t\t\t<\/div>\n\t\t\t\t<\/div>\n\t\t\t\t<\/div>\n\t\t<div class=\"elementor-element elementor-element-6e91388 e-con-full e-flex e-con e-child\" data-id=\"6e91388\" data-element_type=\"container\">\n\t\t\t\t<div class=\"elementor-element elementor-element-9a04153 elementor-widget__width-initial elementor-widget-mobile__width-inherit elementor-widget elementor-widget-heading\" data-id=\"9a04153\" data-element_type=\"widget\" data-widget_type=\"heading.default\">\n\t\t\t\t<div class=\"elementor-widget-container\">\n\t\t\t\t\t<h3 class=\"elementor-heading-title elementor-size-default\">\u00bfOfrec\u00e9is garant\u00eda?<\/h3>\t\t\t\t<\/div>\n\t\t\t\t<\/div>\n\t\t\t\t<div class=\"elementor-element elementor-element-e9ff6c1 elementor-widget__width-initial elementor-widget-mobile__width-inherit elementor-widget elementor-widget-text-editor\" data-id=\"e9ff6c1\" data-element_type=\"widget\" data-widget_type=\"text-editor.default\">\n\t\t\t\t<div class=\"elementor-widget-container\">\n\t\t\t\t\t\t\t\t\t<p>S\u00ed, todos nuestros productos cuentan con <strong data-start=\"2825\" data-end=\"2848\">garant\u00eda de calidad<\/strong> y soporte directo en caso de incidencia o defecto.<\/p>\t\t\t\t\t\t\t\t<\/div>\n\t\t\t\t<\/div>\n\t\t\t\t<\/div>\n\t\t\t\t<\/div>\n\t\t\t\t<\/div>\n\t\t","protected":false},"excerpt":{"rendered":"<p>\u00bfC\u00f3mo puedo hacer un pedido? Puedes pedir cualquiera de nuestros productos directamente desde nuestros perfiles de Amazon o Etsy.Si prefieres, tambi\u00e9n puedes contactarnos por correo electr\u00f3nico para hacer tu pedido de forma personalizada. \u00bfHac\u00e9is env\u00edos internacionales? S\u00ed, realizamos env\u00edos a nivel nacional e internacional. Los plazos de entrega pueden variar seg\u00fan el destino y el [&hellip;]<\/p>\n","protected":false},"author":1,"featured_media":0,"parent":0,"menu_order":0,"comment_status":"closed","ping_status":"closed","template":"","meta":{"footnotes":""},"class_list":["post-15","page","type-page","status-publish","hentry"],"yoast_head":"<!-- This site is optimized with the Yoast SEO plugin v26.1 - https:\/\/yoast.com\/wordpress\/plugins\/seo\/ -->\n<title>FAQ - reborn3d<\/title>\n<meta name=\"robots\" content=\"index, follow, max-snippet:-1, max-image-preview:large, max-video-preview:-1\" \/>\n<link rel=\"canonical\" href=\"https:\/\/www.reborn3dsolutions.com\/index.php\/faq\/\" \/>\n<meta property=\"og:locale\" content=\"es_ES\" \/>\n<meta property=\"og:type\" content=\"article\" \/>\n<meta property=\"og:title\" content=\"FAQ - reborn3d\" \/>\n<meta property=\"og:description\" content=\"\u00bfC\u00f3mo puedo hacer un pedido? Puedes pedir cualquiera de nuestros productos directamente desde nuestros perfiles de Amazon o Etsy.Si prefieres, tambi\u00e9n puedes contactarnos por correo electr\u00f3nico para hacer tu pedido de forma personalizada. \u00bfHac\u00e9is env\u00edos internacionales? S\u00ed, realizamos env\u00edos a nivel nacional e internacional. Los plazos de entrega pueden variar seg\u00fan el destino y el [&hellip;]\" \/>\n<meta property=\"og:url\" content=\"https:\/\/www.reborn3dsolutions.com\/index.php\/faq\/\" \/>\n<meta property=\"og:site_name\" content=\"reborn3d\" \/>\n<meta property=\"article:modified_time\" content=\"2025-10-09T08:45:35+00:00\" \/>\n<meta name=\"twitter:card\" content=\"summary_large_image\" \/>\n<meta name=\"twitter:label1\" content=\"Tiempo de lectura\" \/>\n\t<meta name=\"twitter:data1\" content=\"2 minutos\" \/>\n<script type=\"application\/ld+json\" class=\"yoast-schema-graph\">{\"@context\":\"https:\/\/schema.org\",\"@graph\":[{\"@type\":\"WebPage\",\"@id\":\"https:\/\/www.reborn3dsolutions.com\/index.php\/faq\/\",\"url\":\"https:\/\/www.reborn3dsolutions.com\/index.php\/faq\/\",\"name\":\"FAQ - reborn3d\",\"isPartOf\":{\"@id\":\"https:\/\/www.reborn3dsolutions.com\/#website\"},\"datePublished\":\"2025-10-07T16:27:10+00:00\",\"dateModified\":\"2025-10-09T08:45:35+00:00\",\"breadcrumb\":{\"@id\":\"https:\/\/www.reborn3dsolutions.com\/index.php\/faq\/#breadcrumb\"},\"inLanguage\":\"es\",\"potentialAction\":[{\"@type\":\"ReadAction\",\"target\":[\"https:\/\/www.reborn3dsolutions.com\/index.php\/faq\/\"]}]},{\"@type\":\"BreadcrumbList\",\"@id\":\"https:\/\/www.reborn3dsolutions.com\/index.php\/faq\/#breadcrumb\",\"itemListElement\":[{\"@type\":\"ListItem\",\"position\":1,\"name\":\"Portada\",\"item\":\"https:\/\/www.reborn3dsolutions.com\/\"},{\"@type\":\"ListItem\",\"position\":2,\"name\":\"FAQ\"}]},{\"@type\":\"WebSite\",\"@id\":\"https:\/\/www.reborn3dsolutions.com\/#website\",\"url\":\"https:\/\/www.reborn3dsolutions.com\/\",\"name\":\"reborn3d\",\"description\":\"\",\"potentialAction\":[{\"@type\":\"SearchAction\",\"target\":{\"@type\":\"EntryPoint\",\"urlTemplate\":\"https:\/\/www.reborn3dsolutions.com\/?s={search_term_string}\"},\"query-input\":{\"@type\":\"PropertyValueSpecification\",\"valueRequired\":true,\"valueName\":\"search_term_string\"}}],\"inLanguage\":\"es\"}]}<\/script>\n<!-- \/ Yoast SEO plugin. -->","yoast_head_json":{"title":"FAQ - reborn3d","robots":{"index":"index","follow":"follow","max-snippet":"max-snippet:-1","max-image-preview":"max-image-preview:large","max-video-preview":"max-video-preview:-1"},"canonical":"https:\/\/www.reborn3dsolutions.com\/index.php\/faq\/","og_locale":"es_ES","og_type":"article","og_title":"FAQ - reborn3d","og_description":"\u00bfC\u00f3mo puedo hacer un pedido? Puedes pedir cualquiera de nuestros productos directamente desde nuestros perfiles de Amazon o Etsy.Si prefieres, tambi\u00e9n puedes contactarnos por correo electr\u00f3nico para hacer tu pedido de forma personalizada. \u00bfHac\u00e9is env\u00edos internacionales? S\u00ed, realizamos env\u00edos a nivel nacional e internacional. Los plazos de entrega pueden variar seg\u00fan el destino y el [&hellip;]","og_url":"https:\/\/www.reborn3dsolutions.com\/index.php\/faq\/","og_site_name":"reborn3d","article_modified_time":"2025-10-09T08:45:35+00:00","twitter_card":"summary_large_image","twitter_misc":{"Tiempo de lectura":"2 minutos"},"schema":{"@context":"https:\/\/schema.org","@graph":[{"@type":"WebPage","@id":"https:\/\/www.reborn3dsolutions.com\/index.php\/faq\/","url":"https:\/\/www.reborn3dsolutions.com\/index.php\/faq\/","name":"FAQ - reborn3d","isPartOf":{"@id":"https:\/\/www.reborn3dsolutions.com\/#website"},"datePublished":"2025-10-07T16:27:10+00:00","dateModified":"2025-10-09T08:45:35+00:00","breadcrumb":{"@id":"https:\/\/www.reborn3dsolutions.com\/index.php\/faq\/#breadcrumb"},"inLanguage":"es","potentialAction":[{"@type":"ReadAction","target":["https:\/\/www.reborn3dsolutions.com\/index.php\/faq\/"]}]},{"@type":"BreadcrumbList","@id":"https:\/\/www.reborn3dsolutions.com\/index.php\/faq\/#breadcrumb","itemListElement":[{"@type":"ListItem","position":1,"name":"Portada","item":"https:\/\/www.reborn3dsolutions.com\/"},{"@type":"ListItem","position":2,"name":"FAQ"}]},{"@type":"WebSite","@id":"https:\/\/www.reborn3dsolutions.com\/#website","url":"https:\/\/www.reborn3dsolutions.com\/","name":"reborn3d","description":"","potentialAction":[{"@type":"SearchAction","target":{"@type":"EntryPoint","urlTemplate":"https:\/\/www.reborn3dsolutions.com\/?s={search_term_string}"},"query-input":{"@type":"PropertyValueSpecification","valueRequired":true,"valueName":"search_term_string"}}],"inLanguage":"es"}]}},"_links":{"self":[{"href":"https:\/\/www.reborn3dsolutions.com\/index.php\/wp-json\/wp\/v2\/pages\/15","targetHints":{"allow":["GET"]}}],"collection":[{"href":"https:\/\/www.reborn3dsolutions.com\/index.php\/wp-json\/wp\/v2\/pages"}],"about":[{"href":"https:\/\/www.reborn3dsolutions.com\/index.php\/wp-json\/wp\/v2\/types\/page"}],"author":[{"embeddable":true,"href":"https:\/\/www.reborn3dsolutions.com\/index.php\/wp-json\/wp\/v2\/users\/1"}],"replies":[{"embeddable":true,"href":"https:\/\/www.reborn3dsolutions.com\/index.php\/wp-json\/wp\/v2\/comments?post=15"}],"version-history":[{"count":13,"href":"https:\/\/www.reborn3dsolutions.com\/index.php\/wp-json\/wp\/v2\/pages\/15\/revisions"}],"predecessor-version":[{"id":248,"href":"https:\/\/www.reborn3dsolutions.com\/index.php\/wp-json\/wp\/v2\/pages\/15\/revisions\/248"}],"wp:attachment":[{"href":"https:\/\/www.reborn3dsolutions.com\/index.php\/wp-json\/wp\/v2\/media?parent=15"}],"curies":[{"name":"wp","href":"https:\/\/api.w.org\/{rel}","templated":true}]}}